{"id":1333,"date":"2022-02-07T12:03:51","date_gmt":"2022-02-07T11:03:51","guid":{"rendered":"https:\/\/lalectureartiste.fr\/?page_id=1333"},"modified":"2023-02-21T14:55:44","modified_gmt":"2023-02-21T13:55:44","slug":"francis-raynaud","status":"publish","type":"page","link":"https:\/\/lalectureartiste.fr\/index.php\/francis-raynaud\/","title":{"rendered":"FRANCIS RAYNAUD"},"content":{"rendered":"\t\t<div data-elementor-type=\"wp-page\" data-elementor-id=\"1333\" class=\"elementor elementor-1333\" data-elementor-settings=\"[]\">\n\t\t\t\t\t\t\t<div class=\"elementor-section-wrap\">\n\t\t\t\t\t\t\t<section class=\"elementor-section elementor-top-section elementor-element elementor-element-9304510 elementor-section-boxed elementor-section-height-default elementor-section-height-default\" data-id=\"9304510\" data-element_type=\"section\">\n\t\t\t\t\t\t<div class=\"elementor-container elementor-column-gap-default\">\n\t\t\t\t\t<div class=\"elementor-column elementor-col-33 elementor-top-column elementor-element elementor-element-72df77a\" data-id=\"72df77a\" data-element_type=\"column\">\n\t\t\t<div class=\"elementor-widget-wrap elementor-element-populated\">\n\t\t\t\t\t\t\t\t<div class=\"elementor-element elementor-element-6d84034 elementor-widget elementor-widget-text-editor\" data-id=\"6d84034\" data-element_type=\"widget\" data-widget_type=\"text-editor.default\">\n\t\t\t\t<div class=\"elementor-widget-container\">\n\t\t\t\t\t\t\t<p><a href=\"https:\/\/lalectureartiste.fr\/index.php\/ce-que-lit-la-main\/\" target=\"_blank\" rel=\"noopener\">&#8220;Ce que lit la main&#8221;<\/a>, communication \u00e0 l&#8217;ouverture de la r\u00e9sidence <a href=\"https:\/\/lalectureartiste.fr\/index.php\/inha-lab-mars-juin-2021\/\">INHA Lab<\/a><\/p>\n<p>18 mars 2021<\/p>\t\t\t\t\t\t<\/div>\n\t\t\t\t<\/div>\n\t\t\t\t<div class=\"elementor-element elementor-element-1bdda2a elementor-widget elementor-widget-image\" data-id=\"1bdda2a\" data-element_type=\"widget\" data-widget_type=\"image.default\">\n\t\t\t\t<div class=\"elementor-widget-container\">\n\t\t\t\t\t\t\t\t\t\t\t\t\t\t\t<img width=\"768\" height=\"1024\" src=\"https:\/\/i2.wp.com\/lalectureartiste.fr\/wp-content\/uploads\/2022\/02\/Vignette-scaled.jpg?fit=768%2C1024&amp;ssl=1\" class=\"attachment-large size-large\" alt=\"\" loading=\"lazy\" srcset=\"https:\/\/i2.wp.com\/lalectureartiste.fr\/wp-content\/uploads\/2022\/02\/Vignette-scaled.jpg?w=1920&amp;ssl=1 1920w, https:\/\/i2.wp.com\/lalectureartiste.fr\/wp-content\/uploads\/2022\/02\/Vignette-scaled.jpg?resize=225%2C300&amp;ssl=1 225w, https:\/\/i2.wp.com\/lalectureartiste.fr\/wp-content\/uploads\/2022\/02\/Vignette-scaled.jpg?resize=768%2C1024&amp;ssl=1 768w, https:\/\/i2.wp.com\/lalectureartiste.fr\/wp-content\/uploads\/2022\/02\/Vignette-scaled.jpg?resize=1152%2C1536&amp;ssl=1 1152w, https:\/\/i2.wp.com\/lalectureartiste.fr\/wp-content\/uploads\/2022\/02\/Vignette-scaled.jpg?resize=1536%2C2048&amp;ssl=1 1536w, https:\/\/i2.wp.com\/lalectureartiste.fr\/wp-content\/uploads\/2022\/02\/Vignette-scaled.jpg?resize=360%2C480&amp;ssl=1 360w\" sizes=\"100vw\" \/>\t\t\t\t\t\t\t\t\t\t\t\t\t\t\t<\/div>\n\t\t\t\t<\/div>\n\t\t\t\t\t<\/div>\n\t\t<\/div>\n\t\t\t\t<div class=\"elementor-column elementor-col-33 elementor-top-column elementor-element elementor-element-607ea1f\" data-id=\"607ea1f\" data-element_type=\"column\">\n\t\t\t<div class=\"elementor-widget-wrap\">\n\t\t\t\t\t\t\t\t\t<\/div>\n\t\t<\/div>\n\t\t\t\t<div class=\"elementor-column elementor-col-33 elementor-top-column elementor-element elementor-element-49e695e\" data-id=\"49e695e\" data-element_type=\"column\">\n\t\t\t<div class=\"elementor-widget-wrap elementor-element-populated\">\n\t\t\t\t\t\t\t\t<div class=\"elementor-element elementor-element-010381a elementor-widget elementor-widget-image\" data-id=\"010381a\" data-element_type=\"widget\" data-widget_type=\"image.default\">\n\t\t\t\t<div class=\"elementor-widget-container\">\n\t\t\t\t\t\t\t\t\t\t\t\t\t\t\t<img width=\"1024\" height=\"576\" src=\"https:\/\/i1.wp.com\/lalectureartiste.fr\/wp-content\/uploads\/2022\/02\/a.png?fit=1024%2C576&amp;ssl=1\" class=\"attachment-large size-large\" alt=\"\" loading=\"lazy\" srcset=\"https:\/\/i1.wp.com\/lalectureartiste.fr\/wp-content\/uploads\/2022\/02\/a.png?w=1920&amp;ssl=1 1920w, https:\/\/i1.wp.com\/lalectureartiste.fr\/wp-content\/uploads\/2022\/02\/a.png?resize=300%2C169&amp;ssl=1 300w, https:\/\/i1.wp.com\/lalectureartiste.fr\/wp-content\/uploads\/2022\/02\/a.png?resize=1024%2C576&amp;ssl=1 1024w, https:\/\/i1.wp.com\/lalectureartiste.fr\/wp-content\/uploads\/2022\/02\/a.png?resize=768%2C432&amp;ssl=1 768w, https:\/\/i1.wp.com\/lalectureartiste.fr\/wp-content\/uploads\/2022\/02\/a.png?resize=1536%2C864&amp;ssl=1 1536w, https:\/\/i1.wp.com\/lalectureartiste.fr\/wp-content\/uploads\/2022\/02\/a.png?resize=720%2C405&amp;ssl=1 720w\" sizes=\"100vw\" \/>\t\t\t\t\t\t\t\t\t\t\t\t\t\t\t<\/div>\n\t\t\t\t<\/div>\n\t\t\t\t<div class=\"elementor-element elementor-element-6ea3171 elementor-widget elementor-widget-text-editor\" data-id=\"6ea3171\" data-element_type=\"widget\" data-widget_type=\"text-editor.default\">\n\t\t\t\t<div class=\"elementor-widget-container\">\n\t\t\t\t\t\t\t<p><em>La conf\u00e9rence, <\/em>film, 2021<em><br><\/em><\/p>\n<p>Projection en cl\u00f4ture des journ\u00e9es d&#8217;\u00e9tude &#8220;Mani\u00e8res de lire&#8221; \u00e0 l&#8217;INHA le 6 juillet 2021<\/p>\t\t\t\t\t\t<\/div>\n\t\t\t\t<\/div>\n\t\t\t\t<div class=\"elementor-element elementor-element-ea276cb elementor-widget elementor-widget-image\" data-id=\"ea276cb\" data-element_type=\"widget\" data-widget_type=\"image.default\">\n\t\t\t\t<div class=\"elementor-widget-container\">\n\t\t\t\t\t\t\t\t\t\t\t\t\t\t\t<img width=\"1024\" height=\"576\" src=\"https:\/\/i0.wp.com\/lalectureartiste.fr\/wp-content\/uploads\/2022\/02\/4.png?fit=1024%2C576&amp;ssl=1\" class=\"attachment-large size-large\" alt=\"\" loading=\"lazy\" srcset=\"https:\/\/i0.wp.com\/lalectureartiste.fr\/wp-content\/uploads\/2022\/02\/4.png?w=1920&amp;ssl=1 1920w, https:\/\/i0.wp.com\/lalectureartiste.fr\/wp-content\/uploads\/2022\/02\/4.png?resize=300%2C169&amp;ssl=1 300w, https:\/\/i0.wp.com\/lalectureartiste.fr\/wp-content\/uploads\/2022\/02\/4.png?resize=1024%2C576&amp;ssl=1 1024w, https:\/\/i0.wp.com\/lalectureartiste.fr\/wp-content\/uploads\/2022\/02\/4.png?resize=768%2C432&amp;ssl=1 768w, https:\/\/i0.wp.com\/lalectureartiste.fr\/wp-content\/uploads\/2022\/02\/4.png?resize=1536%2C864&amp;ssl=1 1536w, https:\/\/i0.wp.com\/lalectureartiste.fr\/wp-content\/uploads\/2022\/02\/4.png?resize=720%2C405&amp;ssl=1 720w\" sizes=\"100vw\" \/>\t\t\t\t\t\t\t\t\t\t\t\t\t\t\t<\/div>\n\t\t\t\t<\/div>\n\t\t\t\t\t<\/div>\n\t\t<\/div>\n\t\t\t\t\t\t\t<\/div>\n\t\t<\/section>\n\t\t\t\t\t\t<\/div>\n\t\t\t\t\t<\/div>\n\t\t","protected":false},"excerpt":{"rendered":"<p>&#8220;Ce que lit la main&#8221;, communication \u00e0 l&#8217;ouverture de la r\u00e9sidence INHA Lab 18 mars 2021 La conf\u00e9rence, film, 2021 Projection en cl\u00f4ture des journ\u00e9es d&#8217;\u00e9tude &#8220;Mani\u00e8res de lire&#8221; \u00e0 l&#8217;INHA le 6 juillet 2021<\/p>\n","protected":false},"author":1,"featured_media":0,"parent":0,"menu_order":0,"comment_status":"closed","ping_status":"closed","template":"","meta":{"spay_email":""},"_links":{"self":[{"href":"https:\/\/lalectureartiste.fr\/index.php\/wp-json\/wp\/v2\/pages\/1333"}],"collection":[{"href":"https:\/\/lalectureartiste.fr\/index.php\/wp-json\/wp\/v2\/pages"}],"about":[{"href":"https:\/\/lalectureartiste.fr\/index.php\/wp-json\/wp\/v2\/types\/page"}],"author":[{"embeddable":true,"href":"https:\/\/lalectureartiste.fr\/index.php\/wp-json\/wp\/v2\/users\/1"}],"replies":[{"embeddable":true,"href":"https:\/\/lalectureartiste.fr\/index.php\/wp-json\/wp\/v2\/comments?post=1333"}],"version-history":[{"count":19,"href":"https:\/\/lalectureartiste.fr\/index.php\/wp-json\/wp\/v2\/pages\/1333\/revisions"}],"predecessor-version":[{"id":1659,"href":"https:\/\/lalectureartiste.fr\/index.php\/wp-json\/wp\/v2\/pages\/1333\/revisions\/1659"}],"wp:attachment":[{"href":"https:\/\/lalectureartiste.fr\/index.php\/wp-json\/wp\/v2\/media?parent=1333"}],"curies":[{"name":"wp","href":"https:\/\/api.w.org\/{rel}","templated":true}]}}